{"id":34,"date":"2018-05-01T14:36:21","date_gmt":"2018-05-01T17:36:21","guid":{"rendered":"http:\/\/studioproject.arq.br\/?page_id=34"},"modified":"2018-05-16T21:48:29","modified_gmt":"2018-05-17T00:48:29","slug":"o-studio","status":"publish","type":"page","link":"http:\/\/www.studioproject.arq.br\/?page_id=34","title":{"rendered":"O STUDIO"},"content":{"rendered":"<p style=\"text-align: left;\"><img loading=\"lazy\" class=\" wp-image-163 alignleft\" src=\"http:\/\/studioproject.arq.br\/wp-content\/uploads\/2018\/05\/Education-300x157.jpg\" alt=\"\" width=\"562\" height=\"294\" srcset=\"http:\/\/www.studioproject.arq.br\/wp-content\/uploads\/2018\/05\/Education-300x157.jpg 300w, http:\/\/www.studioproject.arq.br\/wp-content\/uploads\/2018\/05\/Education.jpg 725w\" sizes=\"(max-width: 562px) 100vw, 562px\" \/><\/p>\n<p style=\"text-align: left;\">O STUDIO PROJECT \u00e9 uma empresa de<\/p>\n<p style=\"text-align: left;\">ARQUITETURA e ENGENHARIA HOSPITALAR com 10 ANOS de<\/p>\n<p style=\"text-align: left;\">experi\u00eancia no mercado, oferecemos SUPORTE QUALIFICADO em<\/p>\n<p style=\"text-align: left;\">toda a fase de planejamento, prepara\u00e7\u00e3o, constru\u00e7\u00e3o e adequa\u00e7\u00e3o dos<\/p>\n<p style=\"text-align: left;\">ambientes que abrigar\u00e3o EQUIPAMENTOS M\u00c9DICOS de alta complexidade<\/p>\n<p style=\"text-align: left;\">(compatibiliza\u00e7\u00f5es civis, el\u00e9tricas, estruturais e blindagens especificas ).<\/p>\n<p style=\"text-align: left;\">NOSSOS CLIENTES\u00a0ter\u00e3o ambientes que atendam \u00e0s especifica\u00e7\u00f5es<\/p>\n<p style=\"text-align: left;\">t\u00e9cnicas dos equipamentos, normas locais e que proporcionem<\/p>\n<p style=\"text-align: left;\">o BEM ESTAR dos seus PACIENTES!<\/p>\n<p>&nbsp;<\/p>\n<p>DIFERENCIAIS DO NOSSO TRABALHO:<\/p>\n<p>&nbsp;<\/p>\n<p>\u00b7 LOG\u00cdSTICA Planejada;<\/p>\n<p>\u00b7 MINIMIZA\u00c7\u00c3O das INTERFER\u00caNCIAS Ambientais;<\/p>\n<p>\u00b7 Redu\u00e7\u00e3o de Interfer\u00eancias ELETROMAGN\u00c9TICAS;<\/p>\n<p>\u00b7 ESTRUTURAS OTIMIZADAS;<\/p>\n<p>\u00b7 Aumento da VIDA \u00daTIL do Equipamento;<\/p>\n<p>\u00b7 IMAGENS de Diagn\u00f3sticos PRECISAS;<\/p>\n<p>\u00b7 CONFORTO e EST\u00c9TICA Ambiental;<\/p>\n<p>\u00b7 BEM ESTAR dos PACIENTES e FUNCION\u00c1RIOS.<\/p>\n<p>&nbsp;<\/p>\n","protected":false},"excerpt":{"rendered":"<p>O STUDIO PROJECT \u00e9 uma empresa de ARQUITETURA e ENGENHARIA HOSPITALAR com 10 ANOS de experi\u00eancia no mercado, oferecemos SUPORTE QUALIFICADO em toda a fase de planejamento, prepara\u00e7\u00e3o, constru\u00e7\u00e3o e adequa\u00e7\u00e3o dos ambientes que abrigar\u00e3o EQUIPAMENTOS M\u00c9DICOS de alta complexidade (compatibiliza\u00e7\u00f5es civis, el\u00e9tricas, estruturais e blindagens especificas ). NOSSOS CLIENTES\u00a0ter\u00e3o ambientes que atendam \u00e0s especifica\u00e7\u00f5es<\/p><\/div>\n<div class=\"blog-btn\"><a href=\"http:\/\/www.studioproject.arq.br\/?page_id=34\" class=\"home-blog-btn\">Ler mais<\/a><\/p>\n","protected":false},"author":1,"featured_media":0,"parent":0,"menu_order":0,"comment_status":"closed","ping_status":"closed","template":"","meta":[],"_links":{"self":[{"href":"http:\/\/www.studioproject.arq.br\/index.php?rest_route=\/wp\/v2\/pages\/34"}],"collection":[{"href":"http:\/\/www.studioproject.arq.br\/index.php?rest_route=\/wp\/v2\/pages"}],"about":[{"href":"http:\/\/www.studioproject.arq.br\/index.php?rest_route=\/wp\/v2\/types\/page"}],"author":[{"embeddable":true,"href":"http:\/\/www.studioproject.arq.br\/index.php?rest_route=\/wp\/v2\/users\/1"}],"replies":[{"embeddable":true,"href":"http:\/\/www.studioproject.arq.br\/index.php?rest_route=%2Fwp%2Fv2%2Fcomments&post=34"}],"version-history":[{"count":8,"href":"http:\/\/www.studioproject.arq.br\/index.php?rest_route=\/wp\/v2\/pages\/34\/revisions"}],"predecessor-version":[{"id":284,"href":"http:\/\/www.studioproject.arq.br\/index.php?rest_route=\/wp\/v2\/pages\/34\/revisions\/284"}],"wp:attachment":[{"href":"http:\/\/www.studioproject.arq.br\/index.php?rest_route=%2Fwp%2Fv2%2Fmedia&parent=34"}],"curies":[{"name":"wp","href":"https:\/\/api.w.org\/{rel}","templated":true}]}}